{"id":7948,"date":"2025-04-24T12:17:17","date_gmt":"2025-04-24T10:17:17","guid":{"rendered":"https:\/\/shop.bieredesamis.be\/boutique\/niet-gecategoriseerd\/blonde-5-8-132cl\/"},"modified":"2025-08-21T09:57:56","modified_gmt":"2025-08-21T07:57:56","slug":"blonde-5-8-132cl","status":"publish","type":"product","link":"https:\/\/shop.bieredesamis.be\/nl\/winkel\/alcoholische-bieren\/blonde-5-8-132cl\/","title":{"rendered":"Blonde 5.8% &#8211; 132cl"},"content":{"rendered":"<p><strong>Rondje van het huis!<\/strong><br \/>\nMeer dan zomaar een fles \u2014 deze <strong>limited edition in XXL-formaat (132 cl)<\/strong> belichaamt de ziel van <em>Bi\u00e8re des Amis<\/em>: het plezier van delen, eenvoud en feest onder vrienden. Ontworpen als een <strong>collectors item<\/strong>, viert deze reuzenfles de Belgische levenskunst met elegantie, gulheid en karakter.<\/p>\n<p>Met zijn unieke design en indrukwekkende formaat is het het <strong>perfecte geschenk<\/strong> om een speciaal moment te markeren, iemand te verrassen of gewoon jezelf te verwennen bij een goede maaltijd. Ideaal om te openen tijdens lange tafels, zomerse barbecues of herinneringen die een speciaal bier verdienen.<\/p>\n<h3><strong>Proefnotities \u2013 Blonde 5.8%<\/strong><\/h3>\n<p><strong>Uitzicht<\/strong><br \/>\nGoudblond bier met nagisting op fles. De heldere, licht opalescente kleur toont een subtiele natuurlijke troebelheid \u2014 een teken van echtheid.<\/p>\n<p><strong>Samenstelling<\/strong><br \/>\nGebrouwen met grondstoffen van topkwaliteit en uitzonderlijk zuiver, nitraatarm water uit de aquifer van Ath. 100% natuurlijk en zonder toevoegingen. Dankzij de nagisting op fles krijgt het een fijne, natuurlijke sprankeling.<\/p>\n<p><strong>Aroma<\/strong><br \/>\nMoutige en graanaroma\u2019s die evolueren naar subtiele citrusnoten (sinaasappel, mandarijn). Een verfijnde, uitnodigende neus.<\/p>\n<p><strong>Schuim<\/strong><br \/>\nFijn, wit en romig schuim met mooie blijvende kraag.<\/p>\n<p><strong>Smaak<\/strong><br \/>\nZacht en soepel in de mond, met een mooie rondheid en een lichte bitterheid in de afdronk. Een lange, genuanceerde finale \u2014 ideaal voor wie houdt van karaktervolle blondjes.<\/p>\n<p><strong>Intensiteit<\/strong><br \/>\n\u2022 Bitterheid: 6\/10<br \/>\n\u2022 Rondheid: 5\/10<\/p>\n<p>&nbsp;<\/p>\n<hr data-start=\"1994\" data-end=\"1997\" \/>\n<h3><strong>Food Pairing<\/strong><\/h3>\n<p>Een bier op maat van royale, hartelijke Belgische gerechten!<br \/>\nGeserveerd tussen 6\u00b0C en 8\u00b0C, past het perfect bij klassiekers zoals:<br \/>\n\u2022 <strong>Vlaamse stoofkarbonaden<\/strong>: de rondheid van het bier omhult de zoet-zoute smaken<br \/>\n\u2022 <strong>Luikse gehaktballen<\/strong>: een 100% lokale, rijke en smaakvolle combinatie<br \/>\n\u2022 <strong>Gegrilde en gestoofde gerechten<\/strong>: perfecte balans tussen mout en structuur<\/p>\n<hr data-start=\"2455\" data-end=\"2458\" \/>\n<h3><strong>Waarom kiezen voor de 132 cl Limited Edition?<\/strong><\/h3>\n<ul>\n<li>Een blonde bier van <strong>topkwaliteit<\/strong>, met passie gebrouwen<\/li>\n<li>Een <strong>uniek XXL-formaat<\/strong> voor grote momenten van samenzijn<\/li>\n<li>Een <strong>collector\u2019s<\/strong> item \u2014 even verrassend als stijlvol<\/li>\n<li>De perfecte weerspiegeling van de <em><strong>Bi\u00e8re des Amis<\/strong>\u00ae<\/em>-geest: authenticiteit, gezelligheid, gulheid<\/li>\n<\/ul>\n<hr data-start=\"2817\" data-end=\"2820\" \/>\n<p>Met deze <strong>Blonde 5.8% \u2013 132 c<\/strong>l wordt elke slok een belevenis en elke opening een klein feest. <strong>Te genieten met vrienden, een glimlach\u2026 en grenzeloze gezelligheid!<\/strong>\ud83c\udf7b\ud83d\udc9b<\/p>\n","protected":false},"excerpt":{"rendered":"<p>Verre van enkel bedoeld voor doorgewinterde bierliefhebbers, werd de <em>Bi\u00e8re des Amis Blonde 5.8%<\/em> gebrouwen volgens een ambachtelijk recept met karakter. Dankzij 100% Belgische ingredi\u00ebnten biedt deze bier een onge\u00ebvenaarde kwaliteit, met een natuurlijke en verfrissende bruis die het bijzonder aangenaam maakt om te drinken. Een unieke bier, eenvoudig gebrouwen, gemaakt om te delen met vrienden.<\/p>\n<p><strong>Het nieuwe recept, nog smaakvoller en aromatischer, zal alle liefhebbers bekoren die op zoek zijn naar een bijzondere dorstlesser.<\/strong><\/p>\n","protected":false},"featured_media":8183,"template":"","meta":{"inline_featured_image":false},"product_cat":[213],"product_tag":[],"class_list":{"0":"post-7948","1":"product","2":"type-product","3":"status-publish","4":"has-post-thumbnail","6":"product_cat-alcoholische-bieren","8":"first","9":"instock","10":"shipping-taxable","11":"purchasable","12":"product-type-simple"},"yoast_head":"<!-- This site is optimized with the Yoast SEO plugin v26.4 - https:\/\/yoast.com\/wordpress\/plugins\/seo\/ -->\n<title>Blonde 5.8% - 132cl - Bi\u00e8re des Amis<\/title>\n<meta name=\"robots\" content=\"index, follow, max-snippet:-1, max-image-preview:large, max-video-preview:-1\" \/>\n<link rel=\"canonical\" href=\"https:\/\/shop.bieredesamis.be\/nl\/winkel\/alcoholische-bieren\/blonde-5-8-132cl\/\" \/>\n<meta property=\"og:locale\" content=\"nl_NL\" \/>\n<meta property=\"og:type\" content=\"article\" \/>\n<meta property=\"og:title\" content=\"Blonde 5.8% - 132cl - Bi\u00e8re des Amis\" \/>\n<meta property=\"og:description\" content=\"Verre van enkel bedoeld voor doorgewinterde bierliefhebbers, werd de Bi\u00e8re des Amis Blonde 5.8% gebrouwen volgens een ambachtelijk recept met karakter. Dankzij 100% Belgische ingredi\u00ebnten biedt deze bier een onge\u00ebvenaarde kwaliteit, met een natuurlijke en verfrissende bruis die het bijzonder aangenaam maakt om te drinken. Een unieke bier, eenvoudig gebrouwen, gemaakt om te delen met vrienden.  Het nieuwe recept, nog smaakvoller en aromatischer, zal alle liefhebbers bekoren die op zoek zijn naar een bijzondere dorstlesser.\" \/>\n<meta property=\"og:url\" content=\"https:\/\/shop.bieredesamis.be\/nl\/winkel\/alcoholische-bieren\/blonde-5-8-132cl\/\" \/>\n<meta property=\"og:site_name\" content=\"Bi\u00e8re des Amis\" \/>\n<meta property=\"article:publisher\" content=\"https:\/\/www.facebook.com\/bieredesamis\/\" \/>\n<meta property=\"article:modified_time\" content=\"2025-08-21T07:57:56+00:00\" \/>\n<meta property=\"og:image\" content=\"https:\/\/shop.bieredesamis.be\/wp-content\/uploads\/2025\/04\/Blonde-5.8-132-cl-1.png\" \/>\n\t<meta property=\"og:image:width\" content=\"1500\" \/>\n\t<meta property=\"og:image:height\" content=\"1500\" \/>\n\t<meta property=\"og:image:type\" content=\"image\/png\" \/>\n<meta name=\"twitter:card\" content=\"summary_large_image\" \/>\n<meta name=\"twitter:label1\" content=\"Geschatte leestijd\" \/>\n\t<meta name=\"twitter:data1\" content=\"2 minuten\" \/>\n<script type=\"application\/ld+json\" class=\"yoast-schema-graph\">{\"@context\":\"https:\/\/schema.org\",\"@graph\":[{\"@type\":\"WebPage\",\"@id\":\"https:\/\/shop.bieredesamis.be\/nl\/winkel\/alcoholische-bieren\/blonde-5-8-132cl\/\",\"url\":\"https:\/\/shop.bieredesamis.be\/nl\/winkel\/alcoholische-bieren\/blonde-5-8-132cl\/\",\"name\":\"Blonde 5.8% - 132cl - Bi\u00e8re des Amis\",\"isPartOf\":{\"@id\":\"https:\/\/shop.bieredesamis.be\/#website\"},\"primaryImageOfPage\":{\"@id\":\"https:\/\/shop.bieredesamis.be\/nl\/winkel\/alcoholische-bieren\/blonde-5-8-132cl\/#primaryimage\"},\"image\":{\"@id\":\"https:\/\/shop.bieredesamis.be\/nl\/winkel\/alcoholische-bieren\/blonde-5-8-132cl\/#primaryimage\"},\"thumbnailUrl\":\"https:\/\/shop.bieredesamis.be\/wp-content\/uploads\/2025\/04\/Blonde-5.8-132-cl-1.png\",\"datePublished\":\"2025-04-24T10:17:17+00:00\",\"dateModified\":\"2025-08-21T07:57:56+00:00\",\"breadcrumb\":{\"@id\":\"https:\/\/shop.bieredesamis.be\/nl\/winkel\/alcoholische-bieren\/blonde-5-8-132cl\/#breadcrumb\"},\"inLanguage\":\"nl-NL\",\"potentialAction\":[{\"@type\":\"ReadAction\",\"target\":[\"https:\/\/shop.bieredesamis.be\/nl\/winkel\/alcoholische-bieren\/blonde-5-8-132cl\/\"]}]},{\"@type\":\"ImageObject\",\"inLanguage\":\"nl-NL\",\"@id\":\"https:\/\/shop.bieredesamis.be\/nl\/winkel\/alcoholische-bieren\/blonde-5-8-132cl\/#primaryimage\",\"url\":\"https:\/\/shop.bieredesamis.be\/wp-content\/uploads\/2025\/04\/Blonde-5.8-132-cl-1.png\",\"contentUrl\":\"https:\/\/shop.bieredesamis.be\/wp-content\/uploads\/2025\/04\/Blonde-5.8-132-cl-1.png\",\"width\":1500,\"height\":1500},{\"@type\":\"BreadcrumbList\",\"@id\":\"https:\/\/shop.bieredesamis.be\/nl\/winkel\/alcoholische-bieren\/blonde-5-8-132cl\/#breadcrumb\",\"itemListElement\":[{\"@type\":\"ListItem\",\"position\":1,\"name\":\"Accueil\",\"item\":\"https:\/\/shop.bieredesamis.be\/nl\/\"},{\"@type\":\"ListItem\",\"position\":2,\"name\":\"Winkel\",\"item\":\"https:\/\/shop.bieredesamis.be\/boutique\/\"},{\"@type\":\"ListItem\",\"position\":3,\"name\":\"Blonde 5.8% &#8211; 132cl\"}]},{\"@type\":\"WebSite\",\"@id\":\"https:\/\/shop.bieredesamis.be\/#website\",\"url\":\"https:\/\/shop.bieredesamis.be\/\",\"name\":\"Bi\u00e8re des Amis - Shop\",\"description\":\"Boutique\",\"publisher\":{\"@id\":\"https:\/\/shop.bieredesamis.be\/#organization\"},\"potentialAction\":[{\"@type\":\"SearchAction\",\"target\":{\"@type\":\"EntryPoint\",\"urlTemplate\":\"https:\/\/shop.bieredesamis.be\/?s={search_term_string}\"},\"query-input\":{\"@type\":\"PropertyValueSpecification\",\"valueRequired\":true,\"valueName\":\"search_term_string\"}}],\"inLanguage\":\"nl-NL\"},{\"@type\":\"Organization\",\"@id\":\"https:\/\/shop.bieredesamis.be\/#organization\",\"name\":\"Bi\u00e8re des Amis\",\"url\":\"https:\/\/shop.bieredesamis.be\/\",\"logo\":{\"@type\":\"ImageObject\",\"inLanguage\":\"nl-NL\",\"@id\":\"https:\/\/shop.bieredesamis.be\/#\/schema\/logo\/image\/\",\"url\":\"https:\/\/shop.bieredesamis.be\/wp-content\/uploads\/2025\/04\/logo-biere-des-amis-1.svg\",\"contentUrl\":\"https:\/\/shop.bieredesamis.be\/wp-content\/uploads\/2025\/04\/logo-biere-des-amis-1.svg\",\"width\":140,\"height\":64,\"caption\":\"Bi\u00e8re des Amis\"},\"image\":{\"@id\":\"https:\/\/shop.bieredesamis.be\/#\/schema\/logo\/image\/\"},\"sameAs\":[\"https:\/\/www.facebook.com\/bieredesamis\/\",\"https:\/\/www.instagram.com\/bieredesamis\/\"]}]}<\/script>\n<!-- \/ Yoast SEO plugin. -->","yoast_head_json":{"title":"Blonde 5.8% - 132cl - Bi\u00e8re des Amis","robots":{"index":"index","follow":"follow","max-snippet":"max-snippet:-1","max-image-preview":"max-image-preview:large","max-video-preview":"max-video-preview:-1"},"canonical":"https:\/\/shop.bieredesamis.be\/nl\/winkel\/alcoholische-bieren\/blonde-5-8-132cl\/","og_locale":"nl_NL","og_type":"article","og_title":"Blonde 5.8% - 132cl - Bi\u00e8re des Amis","og_description":"Verre van enkel bedoeld voor doorgewinterde bierliefhebbers, werd de Bi\u00e8re des Amis Blonde 5.8% gebrouwen volgens een ambachtelijk recept met karakter. Dankzij 100% Belgische ingredi\u00ebnten biedt deze bier een onge\u00ebvenaarde kwaliteit, met een natuurlijke en verfrissende bruis die het bijzonder aangenaam maakt om te drinken. Een unieke bier, eenvoudig gebrouwen, gemaakt om te delen met vrienden.  Het nieuwe recept, nog smaakvoller en aromatischer, zal alle liefhebbers bekoren die op zoek zijn naar een bijzondere dorstlesser.","og_url":"https:\/\/shop.bieredesamis.be\/nl\/winkel\/alcoholische-bieren\/blonde-5-8-132cl\/","og_site_name":"Bi\u00e8re des Amis","article_publisher":"https:\/\/www.facebook.com\/bieredesamis\/","article_modified_time":"2025-08-21T07:57:56+00:00","og_image":[{"width":1500,"height":1500,"url":"https:\/\/shop.bieredesamis.be\/wp-content\/uploads\/2025\/04\/Blonde-5.8-132-cl-1.png","type":"image\/png"}],"twitter_card":"summary_large_image","twitter_misc":{"Geschatte leestijd":"2 minuten"},"schema":{"@context":"https:\/\/schema.org","@graph":[{"@type":"WebPage","@id":"https:\/\/shop.bieredesamis.be\/nl\/winkel\/alcoholische-bieren\/blonde-5-8-132cl\/","url":"https:\/\/shop.bieredesamis.be\/nl\/winkel\/alcoholische-bieren\/blonde-5-8-132cl\/","name":"Blonde 5.8% - 132cl - Bi\u00e8re des Amis","isPartOf":{"@id":"https:\/\/shop.bieredesamis.be\/#website"},"primaryImageOfPage":{"@id":"https:\/\/shop.bieredesamis.be\/nl\/winkel\/alcoholische-bieren\/blonde-5-8-132cl\/#primaryimage"},"image":{"@id":"https:\/\/shop.bieredesamis.be\/nl\/winkel\/alcoholische-bieren\/blonde-5-8-132cl\/#primaryimage"},"thumbnailUrl":"https:\/\/shop.bieredesamis.be\/wp-content\/uploads\/2025\/04\/Blonde-5.8-132-cl-1.png","datePublished":"2025-04-24T10:17:17+00:00","dateModified":"2025-08-21T07:57:56+00:00","breadcrumb":{"@id":"https:\/\/shop.bieredesamis.be\/nl\/winkel\/alcoholische-bieren\/blonde-5-8-132cl\/#breadcrumb"},"inLanguage":"nl-NL","potentialAction":[{"@type":"ReadAction","target":["https:\/\/shop.bieredesamis.be\/nl\/winkel\/alcoholische-bieren\/blonde-5-8-132cl\/"]}]},{"@type":"ImageObject","inLanguage":"nl-NL","@id":"https:\/\/shop.bieredesamis.be\/nl\/winkel\/alcoholische-bieren\/blonde-5-8-132cl\/#primaryimage","url":"https:\/\/shop.bieredesamis.be\/wp-content\/uploads\/2025\/04\/Blonde-5.8-132-cl-1.png","contentUrl":"https:\/\/shop.bieredesamis.be\/wp-content\/uploads\/2025\/04\/Blonde-5.8-132-cl-1.png","width":1500,"height":1500},{"@type":"BreadcrumbList","@id":"https:\/\/shop.bieredesamis.be\/nl\/winkel\/alcoholische-bieren\/blonde-5-8-132cl\/#breadcrumb","itemListElement":[{"@type":"ListItem","position":1,"name":"Accueil","item":"https:\/\/shop.bieredesamis.be\/nl\/"},{"@type":"ListItem","position":2,"name":"Winkel","item":"https:\/\/shop.bieredesamis.be\/boutique\/"},{"@type":"ListItem","position":3,"name":"Blonde 5.8% &#8211; 132cl"}]},{"@type":"WebSite","@id":"https:\/\/shop.bieredesamis.be\/#website","url":"https:\/\/shop.bieredesamis.be\/","name":"Bi\u00e8re des Amis - Shop","description":"Boutique","publisher":{"@id":"https:\/\/shop.bieredesamis.be\/#organization"},"potentialAction":[{"@type":"SearchAction","target":{"@type":"EntryPoint","urlTemplate":"https:\/\/shop.bieredesamis.be\/?s={search_term_string}"},"query-input":{"@type":"PropertyValueSpecification","valueRequired":true,"valueName":"search_term_string"}}],"inLanguage":"nl-NL"},{"@type":"Organization","@id":"https:\/\/shop.bieredesamis.be\/#organization","name":"Bi\u00e8re des Amis","url":"https:\/\/shop.bieredesamis.be\/","logo":{"@type":"ImageObject","inLanguage":"nl-NL","@id":"https:\/\/shop.bieredesamis.be\/#\/schema\/logo\/image\/","url":"https:\/\/shop.bieredesamis.be\/wp-content\/uploads\/2025\/04\/logo-biere-des-amis-1.svg","contentUrl":"https:\/\/shop.bieredesamis.be\/wp-content\/uploads\/2025\/04\/logo-biere-des-amis-1.svg","width":140,"height":64,"caption":"Bi\u00e8re des Amis"},"image":{"@id":"https:\/\/shop.bieredesamis.be\/#\/schema\/logo\/image\/"},"sameAs":["https:\/\/www.facebook.com\/bieredesamis\/","https:\/\/www.instagram.com\/bieredesamis\/"]}]}},"_links":{"self":[{"href":"https:\/\/shop.bieredesamis.be\/nl\/wp-json\/wp\/v2\/product\/7948","targetHints":{"allow":["GET"]}}],"collection":[{"href":"https:\/\/shop.bieredesamis.be\/nl\/wp-json\/wp\/v2\/product"}],"about":[{"href":"https:\/\/shop.bieredesamis.be\/nl\/wp-json\/wp\/v2\/types\/product"}],"wp:featuredmedia":[{"embeddable":true,"href":"https:\/\/shop.bieredesamis.be\/nl\/wp-json\/wp\/v2\/media\/8183"}],"wp:attachment":[{"href":"https:\/\/shop.bieredesamis.be\/nl\/wp-json\/wp\/v2\/media?parent=7948"}],"wp:term":[{"taxonomy":"product_cat","embeddable":true,"href":"https:\/\/shop.bieredesamis.be\/nl\/wp-json\/wp\/v2\/product_cat?post=7948"},{"taxonomy":"product_tag","embeddable":true,"href":"https:\/\/shop.bieredesamis.be\/nl\/wp-json\/wp\/v2\/product_tag?post=7948"}],"curies":[{"name":"wp","href":"https:\/\/api.w.org\/{rel}","templated":true}]}}